{"id":270,"date":"2015-05-07T08:53:49","date_gmt":"2015-05-07T08:53:49","guid":{"rendered":"http:\/\/livsbalans.se\/wordpress\/?page_id=270"},"modified":"2015-05-08T13:01:04","modified_gmt":"2015-05-08T13:01:04","slug":"kontakt","status":"publish","type":"page","link":"http:\/\/livsbalans.se\/wordpress\/kontakt\/","title":{"rendered":"Kontakt"},"content":{"rendered":"<p>Kontakta oss f\u00f6r att vi ska f\u00e5 m\u00f6jlighet att hj\u00e4lpa dig att hitta r\u00e4tt!<\/p>\n<p><a href=\"http:\/\/livsbalans.se\/wordpress\/wp-content\/uploads\/2015\/05\/IMG_3654-e1431021743500.jpg\"><img loading=\"lazy\" decoding=\"async\" class=\"alignnone size-thumbnail wp-image-281\" src=\"http:\/\/livsbalans.se\/wordpress\/wp-content\/uploads\/2015\/05\/IMG_3654-e1431021743500-150x150.jpg\" alt=\"IMG_3654\" width=\"150\" height=\"150\" \/><\/a>\u00a0 \u00a0 \u00a0\u00a0Linda Ursj\u00f6 \u00a0 \u00a0 \u00a0 \u00a0 \u00a0 \u00a0 \u00a0 \u00a0<a href=\"http:\/\/linda@livsbalans.se\">linda@livsbalans.se <\/a>\u00a0 \u00a0 \u00a0 \u00a0 \u00a0 \u00a0 \u00a0 \u00a0070-480 42 35<\/p>\n<p><a href=\"http:\/\/livsbalans.se\/wordpress\/wp-content\/uploads\/2014\/11\/profilbild-september.jpg\"><img loading=\"lazy\" decoding=\"async\" class=\"alignnone size-thumbnail wp-image-18\" src=\"http:\/\/livsbalans.se\/wordpress\/wp-content\/uploads\/2014\/11\/profilbild-september-150x150.jpg\" alt=\"profilbild september\" width=\"150\" height=\"150\" \/><\/a>\u00a0 \u00a0 \u00a0\u00a0Maria Sundin \u00a0 \u00a0 \u00a0 \u00a0 \u00a0 \u00a0<a href=\"http:\/\/maria@livsbalans.se\"> maria@livsbalans.se<\/a> \u00a0 \u00a0 \u00a0 \u00a0 \u00a0 \u00a0 \u00a0070-432 29 08<\/p>\n<p>Har du en fr\u00e5ga? Fyll i formul\u00e4ret s\u00e5 tar vi kontakt.<\/p>\n<p>[contact-form-7 id=&#8221;21&#8243; title=&#8221;Kontaktformul\u00e4r 1&#8243;]<\/p>\n ","protected":false},"excerpt":{"rendered":"<p>Kontakta oss f\u00f6r att vi ska f\u00e5 m\u00f6jlighet att hj\u00e4lpa dig att hitta r\u00e4tt! \u00a0 \u00a0 \u00a0\u00a0Linda Ursj\u00f6 \u00a0 \u00a0 \u00a0 \u00a0 \u00a0 \u00a0 \u00a0 \u00a0linda@livsbalans.se \u00a0 \u00a0 \u00a0 \u00a0 \u00a0 \u00a0 \u00a0 \u00a0070-480 42 35 \u00a0 \u00a0 \u00a0\u00a0Maria Sundin \u00a0 \u00a0 \u00a0 \u00a0 \u00a0 \u00a0 maria@livsbalans.se \u00a0 \u00a0 \u00a0 \u2026 <a class=\"continue-reading-link\" href=\"http:\/\/livsbalans.se\/wordpress\/kontakt\/\">L\u00e4s mer <span class=\"meta-nav\">&rarr; <\/span><\/a><\/p>\n","protected":false},"author":1,"featured_media":0,"parent":0,"menu_order":0,"comment_status":"closed","ping_status":"closed","template":"","meta":{"jetpack_post_was_ever_published":false,"footnotes":""},"class_list":["post-270","page","type-page","status-publish","hentry"],"jetpack_sharing_enabled":true,"jetpack_shortlink":"https:\/\/wp.me\/P5jRyi-4m","_links":{"self":[{"href":"http:\/\/livsbalans.se\/wordpress\/wp-json\/wp\/v2\/pages\/270","targetHints":{"allow":["GET"]}}],"collection":[{"href":"http:\/\/livsbalans.se\/wordpress\/wp-json\/wp\/v2\/pages"}],"about":[{"href":"http:\/\/livsbalans.se\/wordpress\/wp-json\/wp\/v2\/types\/page"}],"author":[{"embeddable":true,"href":"http:\/\/livsbalans.se\/wordpress\/wp-json\/wp\/v2\/users\/1"}],"replies":[{"embeddable":true,"href":"http:\/\/livsbalans.se\/wordpress\/wp-json\/wp\/v2\/comments?post=270"}],"version-history":[{"count":14,"href":"http:\/\/livsbalans.se\/wordpress\/wp-json\/wp\/v2\/pages\/270\/revisions"}],"predecessor-version":[{"id":314,"href":"http:\/\/livsbalans.se\/wordpress\/wp-json\/wp\/v2\/pages\/270\/revisions\/314"}],"wp:attachment":[{"href":"http:\/\/livsbalans.se\/wordpress\/wp-json\/wp\/v2\/media?parent=270"}],"curies":[{"name":"wp","href":"https:\/\/api.w.org\/{rel}","templated":true}]}}