{"id":398,"date":"2015-11-11T12:38:49","date_gmt":"2015-11-11T11:38:49","guid":{"rendered":"http:\/\/livsbalans.se\/wordpress\/?page_id=398"},"modified":"2015-11-11T12:42:37","modified_gmt":"2015-11-11T11:42:37","slug":"livsbalans","status":"publish","type":"page","link":"http:\/\/livsbalans.se\/wordpress\/livsbalans\/","title":{"rendered":"Livsbalans"},"content":{"rendered":"<p>Livsbalans grundades sommaren 2000. Under \u00e5ren lopp har verksamheten bedrivits fr\u00e5n olika platser och under n\u00e5gra olika konstellationer. Men grundstenarna har alltid varit desamma &#8211; ett liv i balans, balans i livet &#8211; Livsbalans. Vi som i dag arbetar med Livsbalans heter Linda och Maria. H\u00e4r kan du l\u00e4sa mer om oss!<\/p>\n<ul>\n<li><a href=\"http:\/\/livsbalans.se\/wordpress\/om-livsbalans\/\">Om Livsbalans<\/a><\/li>\n<li><a href=\"http:\/\/livsbalans.se\/wordpress\/om-linda\/\">Om Linda<\/a><\/li>\n<li><a href=\"http:\/\/livsbalans.se\/wordpress\/om-maria\/\">Om Maria<\/a><\/li>\n<\/ul>\n ","protected":false},"excerpt":{"rendered":"<p>Livsbalans grundades sommaren 2000. Under \u00e5ren lopp har verksamheten bedrivits fr\u00e5n olika platser och under n\u00e5gra olika konstellationer. Men grundstenarna har alltid varit desamma &#8211; ett liv i balans, balans i livet &#8211; Livsbalans. Vi som i dag arbetar med Livsbalans heter Linda och Maria. H\u00e4r kan du l\u00e4sa mer \u2026 <a class=\"continue-reading-link\" href=\"http:\/\/livsbalans.se\/wordpress\/livsbalans\/\">L\u00e4s mer <span class=\"meta-nav\">&rarr; <\/span><\/a><\/p>\n","protected":false},"author":2,"featured_media":0,"parent":0,"menu_order":0,"comment_status":"closed","ping_status":"closed","template":"","meta":{"jetpack_post_was_ever_published":false,"footnotes":""},"class_list":["post-398","page","type-page","status-publish","hentry"],"jetpack_sharing_enabled":true,"jetpack_shortlink":"https:\/\/wp.me\/P5jRyi-6q","_links":{"self":[{"href":"http:\/\/livsbalans.se\/wordpress\/wp-json\/wp\/v2\/pages\/398","targetHints":{"allow":["GET"]}}],"collection":[{"href":"http:\/\/livsbalans.se\/wordpress\/wp-json\/wp\/v2\/pages"}],"about":[{"href":"http:\/\/livsbalans.se\/wordpress\/wp-json\/wp\/v2\/types\/page"}],"author":[{"embeddable":true,"href":"http:\/\/livsbalans.se\/wordpress\/wp-json\/wp\/v2\/users\/2"}],"replies":[{"embeddable":true,"href":"http:\/\/livsbalans.se\/wordpress\/wp-json\/wp\/v2\/comments?post=398"}],"version-history":[{"count":3,"href":"http:\/\/livsbalans.se\/wordpress\/wp-json\/wp\/v2\/pages\/398\/revisions"}],"predecessor-version":[{"id":401,"href":"http:\/\/livsbalans.se\/wordpress\/wp-json\/wp\/v2\/pages\/398\/revisions\/401"}],"wp:attachment":[{"href":"http:\/\/livsbalans.se\/wordpress\/wp-json\/wp\/v2\/media?parent=398"}],"curies":[{"name":"wp","href":"https:\/\/api.w.org\/{rel}","templated":true}]}}