{"id":88,"date":"2015-03-18T08:00:00","date_gmt":"2015-03-18T08:00:00","guid":{"rendered":"http:\/\/livsbalans.se\/?page_id=88"},"modified":"2015-11-09T10:02:47","modified_gmt":"2015-11-09T09:02:47","slug":"tidbokning","status":"publish","type":"page","link":"http:\/\/livsbalans.se\/wordpress\/om-linda\/tidbokning\/","title":{"rendered":"Tidbokning"},"content":{"rendered":"<p>F\u00f6lj den h\u00e4r l\u00e4nken f\u00f6r att boka tid hos Linda<\/p>\n<p><a title=\"Tidbokning Linda Ursj\u00f6\" href=\"http:\/\/tid24.se\/livsbalans\/\" target=\"_blank\">Boka tid hos Linda<\/a><\/p>\n ","protected":false},"excerpt":{"rendered":"<p>F\u00f6lj den h\u00e4r l\u00e4nken f\u00f6r att boka tid hos Linda Boka tid hos Linda<\/p>\n","protected":false},"author":1,"featured_media":0,"parent":14,"menu_order":0,"comment_status":"closed","ping_status":"closed","template":"","meta":{"jetpack_post_was_ever_published":false,"footnotes":""},"class_list":["post-88","page","type-page","status-publish","hentry"],"jetpack_sharing_enabled":true,"jetpack_shortlink":"https:\/\/wp.me\/P5jRyi-1q","_links":{"self":[{"href":"http:\/\/livsbalans.se\/wordpress\/wp-json\/wp\/v2\/pages\/88","targetHints":{"allow":["GET"]}}],"collection":[{"href":"http:\/\/livsbalans.se\/wordpress\/wp-json\/wp\/v2\/pages"}],"about":[{"href":"http:\/\/livsbalans.se\/wordpress\/wp-json\/wp\/v2\/types\/page"}],"author":[{"embeddable":true,"href":"http:\/\/livsbalans.se\/wordpress\/wp-json\/wp\/v2\/users\/1"}],"replies":[{"embeddable":true,"href":"http:\/\/livsbalans.se\/wordpress\/wp-json\/wp\/v2\/comments?post=88"}],"version-history":[{"count":3,"href":"http:\/\/livsbalans.se\/wordpress\/wp-json\/wp\/v2\/pages\/88\/revisions"}],"predecessor-version":[{"id":369,"href":"http:\/\/livsbalans.se\/wordpress\/wp-json\/wp\/v2\/pages\/88\/revisions\/369"}],"up":[{"embeddable":true,"href":"http:\/\/livsbalans.se\/wordpress\/wp-json\/wp\/v2\/pages\/14"}],"wp:attachment":[{"href":"http:\/\/livsbalans.se\/wordpress\/wp-json\/wp\/v2\/media?parent=88"}],"curies":[{"name":"wp","href":"https:\/\/api.w.org\/{rel}","templated":true}]}}