{"id":95,"date":"2015-03-18T10:33:47","date_gmt":"2015-03-18T10:33:47","guid":{"rendered":"http:\/\/livsbalans.se\/?page_id=95"},"modified":"2015-11-11T15:43:57","modified_gmt":"2015-11-11T14:43:57","slug":"vara-erbjudanden","status":"publish","type":"page","link":"http:\/\/livsbalans.se\/wordpress\/vara-erbjudanden\/","title":{"rendered":"V\u00e5ra erbjudanden"},"content":{"rendered":"<p>Nedan \u00e4r de omr\u00e5den d\u00e4r vi erbjuder olika former av behandlingar och coaching. Bes\u00f6k det som intresserar dig och l\u00e4s mer. Hittar du n\u00e5got? Vill du kombinera olika erbjudanden? Ta kontakt med oss s\u00e5 anpassar vi just efter dina \u00f6nskem\u00e5l.<\/p>\n<ul>\n<li><a href=\"http:\/\/livsbalans.se\/wordpress\/strategisk-halsoutveckling\/\">Strategisk h\u00e4lsoutveckling<\/a><a href=\"http:\/\/livsbalans.se\/wordpress\/wp-content\/uploads\/2015\/03\/L-heart_and_backgroundheart_logo.png\"><img loading=\"lazy\" decoding=\"async\" class=\" size-full wp-image-293 alignright\" src=\"http:\/\/livsbalans.se\/wordpress\/wp-content\/uploads\/2015\/03\/L-heart_and_backgroundheart_logo.png\" alt=\"L-heart_and_backgroundheart_logo\" width=\"97\" height=\"129\" \/><\/a><\/li>\n<li><a href=\"http:\/\/livsbalans.se\/wordpress\/vara-erbjudanden\/coaching-och-mental-traning\/\">Coaching och Mental tr\u00e4ning<\/a><\/li>\n<li><a href=\"http:\/\/livsbalans.se\/wordpress\/balans-i-livet\/\">Behandlingar och aktiviteter<\/a><\/li>\n<\/ul>\n ","protected":false},"excerpt":{"rendered":"<p>Nedan \u00e4r de omr\u00e5den d\u00e4r vi erbjuder olika former av behandlingar och coaching. Bes\u00f6k det som intresserar dig och l\u00e4s mer. Hittar du n\u00e5got? Vill du kombinera olika erbjudanden? Ta kontakt med oss s\u00e5 anpassar vi just efter dina \u00f6nskem\u00e5l. Strategisk h\u00e4lsoutveckling Coaching och Mental tr\u00e4ning Behandlingar och aktiviteter<\/p>\n","protected":false},"author":1,"featured_media":0,"parent":0,"menu_order":0,"comment_status":"closed","ping_status":"closed","template":"","meta":{"jetpack_post_was_ever_published":false,"footnotes":""},"class_list":["post-95","page","type-page","status-publish","hentry"],"jetpack_sharing_enabled":true,"jetpack_shortlink":"https:\/\/wp.me\/P5jRyi-1x","_links":{"self":[{"href":"http:\/\/livsbalans.se\/wordpress\/wp-json\/wp\/v2\/pages\/95","targetHints":{"allow":["GET"]}}],"collection":[{"href":"http:\/\/livsbalans.se\/wordpress\/wp-json\/wp\/v2\/pages"}],"about":[{"href":"http:\/\/livsbalans.se\/wordpress\/wp-json\/wp\/v2\/types\/page"}],"author":[{"embeddable":true,"href":"http:\/\/livsbalans.se\/wordpress\/wp-json\/wp\/v2\/users\/1"}],"replies":[{"embeddable":true,"href":"http:\/\/livsbalans.se\/wordpress\/wp-json\/wp\/v2\/comments?post=95"}],"version-history":[{"count":17,"href":"http:\/\/livsbalans.se\/wordpress\/wp-json\/wp\/v2\/pages\/95\/revisions"}],"predecessor-version":[{"id":412,"href":"http:\/\/livsbalans.se\/wordpress\/wp-json\/wp\/v2\/pages\/95\/revisions\/412"}],"wp:attachment":[{"href":"http:\/\/livsbalans.se\/wordpress\/wp-json\/wp\/v2\/media?parent=95"}],"curies":[{"name":"wp","href":"https:\/\/api.w.org\/{rel}","templated":true}]}}